{"id":5,"date":"2016-07-14T06:42:01","date_gmt":"2016-07-14T06:42:01","guid":{"rendered":"https:\/\/beta2.goalunited.org\/?page_id=5"},"modified":"2019-03-15T09:11:26","modified_gmt":"2019-03-15T09:11:26","slug":"support","status":"publish","type":"page","link":"https:\/\/beta.goalunited.org\/tr\/support\/","title":{"rendered":"YARDIM"},"content":{"rendered":"<p><\/p>\n<div class=\"help_header\"><a class=\"helplink\" href=\"https:\/\/support.goalunited.org\/en\/support\/solutions\" target=\"_blank\" rel=\"noopener noreferrer\">Yard\u0131m &#8211; goalunited k\u0131lavuzu<\/a><\/div>\n<div class=\"help_body\">\u00d6zellikler hakk\u0131nda daha fazlas\u0131n\u0131 ve sorular\u0131na cevaplar\u0131 bul<\/div>\n<div class=\"help_header\" style=\"margin-top: 2em;\"><a class=\"helplink\" href=\"https:\/\/support.goalunited.org\/support\/tickets\/new\" target=\"_blank\" rel=\"noopener noreferrer\">Destekle ileti\u015fime ge\u00e7<\/a><\/div>\n<div class=\"help_body\">Oyun veya premium \u00f6zellikleri hak\u0131nda bir sorun mu var? Oyuna giri\u015fte veya al\u0131\u015fveri\u015f yaparken problem mi ya\u015fad\u0131n? Oyunla ilgili bir hata mu buldun? Sorular\u0131n\u0131n cevaplar\u0131n\u0131 &#8220;yard\u0131m sistemi&#8221;nde bulabilirsin!<\/div>\n<p><\/p>","protected":false},"excerpt":{"rendered":"<p>Yard\u0131m &#8211; goalunited k\u0131lavuzu \u00d6zellikler hakk\u0131nda daha fazlas\u0131n\u0131 ve sorular\u0131na cevaplar\u0131 bul Destekle ileti\u015fime ge\u00e7 Oyun veya premium \u00f6zellikleri hak\u0131nda bir sorun mu var? Oyuna giri\u015fte veya al\u0131\u015fveri\u015f yaparken problem <a href=\"https:\/\/beta.goalunited.org\/tr\/support\/\" class=\"more-link\">[&hellip;]<\/a><\/p>\n","protected":false},"author":1,"featured_media":0,"parent":0,"menu_order":0,"comment_status":"closed","ping_status":"closed","template":"","meta":{"_mi_skip_tracking":false,"_monsterinsights_sitenote_active":false,"_monsterinsights_sitenote_note":"","_monsterinsights_sitenote_category":0,"Layout":"","footnotes":""},"aioseo_notices":[],"_links":{"self":[{"href":"https:\/\/beta.goalunited.org\/tr\/wp-json\/wp\/v2\/pages\/5"}],"collection":[{"href":"https:\/\/beta.goalunited.org\/tr\/wp-json\/wp\/v2\/pages"}],"about":[{"href":"https:\/\/beta.goalunited.org\/tr\/wp-json\/wp\/v2\/types\/page"}],"author":[{"embeddable":true,"href":"https:\/\/beta.goalunited.org\/tr\/wp-json\/wp\/v2\/users\/1"}],"replies":[{"embeddable":true,"href":"https:\/\/beta.goalunited.org\/tr\/wp-json\/wp\/v2\/comments?post=5"}],"version-history":[{"count":45,"href":"https:\/\/beta.goalunited.org\/tr\/wp-json\/wp\/v2\/pages\/5\/revisions"}],"predecessor-version":[{"id":433,"href":"https:\/\/beta.goalunited.org\/tr\/wp-json\/wp\/v2\/pages\/5\/revisions\/433"}],"wp:attachment":[{"href":"https:\/\/beta.goalunited.org\/tr\/wp-json\/wp\/v2\/media?parent=5"}],"curies":[{"name":"wp","href":"https:\/\/api.w.org\/{rel}","templated":true}]}}