{"id":9,"date":"2016-07-14T06:42:32","date_gmt":"2016-07-14T06:42:32","guid":{"rendered":"https:\/\/beta2.goalunited.org\/?page_id=9"},"modified":"2016-08-23T16:44:14","modified_gmt":"2016-08-23T16:44:14","slug":"media","status":"publish","type":"page","link":"https:\/\/beta.goalunited.org\/pt\/media\/","title":{"rendered":"Media"},"content":{"rendered":"<p class=\"qtranxs-available-languages-message qtranxs-available-languages-message-pt\">Desculpe, este conte\u00fado s\u00f3 est\u00e1 dispon\u00edvel em <a href=\"https:\/\/beta.goalunited.org\/en\/wp-json\/wp\/v2\/pages\/9\" class=\"qtranxs-available-language-link qtranxs-available-language-link-en\" title=\"English\">Ingl\u00eas (Eua)<\/a>. Por uma quest\u00e3o de conveni\u00eancia para o utilizador, o conte\u00fado \u00e9 mostrado abaixo no idioma alternativo. Pode clicar na liga\u00e7\u00e3o para alterar o idioma activo.<\/p><p><\/p>\n<h2>YouTube Playlists<\/h2>\n<p><a href=\"https:\/\/www.youtube.com\/channel\/UCWO1YOeFW3le2SBRM5BgrZA\/videos\" target=\"_blank\">https:\/\/www.youtube.com\/channel\/UCWO1YOeFW3le2SBRM5BgrZA\/videos<\/a><\/p>\n<p><a href=\"https:\/\/www.youtube.com\/watch?v=OLwGKs0BIq8\" target=\"_blank\">https:\/\/www.youtube.com\/watch?v=OLwGKs0BIq8<\/a><\/p>\n<p><a href=\"https:\/\/www.youtube.com\/playlist?list=PL3THfy45Yahpg2UEtKhg4IBqq7xtL8n1Z\">https:\/\/www.youtube.com\/playlist?list=PL3THfy45Yahpg2UEtKhg4IBqq7xtL8n1Z<\/a><\/p>\n<hr \/>\n<h2>YouTube Videos<\/h2>\n<div class=\"embed-wrap\"><iframe loading=\"lazy\" width=\"1025\" height=\"577\" src=\"https:\/\/www.youtube.com\/embed\/w8qRWnEc3mE?feature=oembed\" frameborder=\"0\" allowfullscreen><\/iframe><\/div>\n<div class=\"embed-wrap\"><iframe loading=\"lazy\" width=\"1025\" height=\"577\" src=\"https:\/\/www.youtube.com\/embed\/videoseries?list=PLhO5AQh38bFOxXgYrAFCx9-JWGE46qKB3\" frameborder=\"0\" allowfullscreen><\/iframe><\/div>\n<div class=\"embed-wrap\"><iframe loading=\"lazy\" width=\"1025\" height=\"577\" src=\"https:\/\/www.youtube.com\/embed\/yhv7YOk5eAk?feature=oembed\" frameborder=\"0\" allowfullscreen><\/iframe><\/div>\n<div class=\"embed-wrap\"><iframe loading=\"lazy\" width=\"1025\" height=\"577\" src=\"https:\/\/www.youtube.com\/embed\/J2L4saiDRaE?feature=oembed\" frameborder=\"0\" allowfullscreen><\/iframe><\/div>\n<div class=\"embed-wrap\"><iframe loading=\"lazy\" width=\"1025\" height=\"577\" src=\"https:\/\/www.youtube.com\/embed\/eWS8pZm8Lew?feature=oembed\" frameborder=\"0\" allowfullscreen><\/iframe><\/div>\n<div class=\"embed-wrap\"><iframe loading=\"lazy\" width=\"1025\" height=\"577\" src=\"https:\/\/www.youtube.com\/embed\/3F0tKzFnXto?feature=oembed\" frameborder=\"0\" allowfullscreen><\/iframe><\/div>\n<div class=\"embed-wrap\"><iframe loading=\"lazy\" width=\"1025\" height=\"577\" src=\"https:\/\/www.youtube.com\/embed\/videoseries?list=PLTjtI5ZYjNOA3Nxu3XUczIL-q9zdg9VES\" frameborder=\"0\" allowfullscreen><\/iframe><\/div>\n<div class=\"embed-wrap\"><iframe loading=\"lazy\" width=\"1025\" height=\"577\" src=\"https:\/\/www.youtube.com\/embed\/VfHhK2AuPR4?feature=oembed\" frameborder=\"0\" allowfullscreen><\/iframe><\/div>\n<hr \/>\n<h2>Images<\/h2>\n\n\t\t\t<div id=\"9-1\" class=\"gallery gallery-9 gallery-col-3 gallery-columns-3 gallery-size-post-thumbnail\" itemscope itemtype=\"http:\/\/schema.org\/ImageGallery\">\n\t\t\t\t\t<figure class='gallery-item col-3' itemprop='associatedMedia' itemscope itemtype='http:\/\/schema.org\/ImageObject'>\n\t\t\t\t\t\t<div class='gallery-icon landscape'><a href='https:\/\/beta.goalunited.org\/wp-content\/uploads\/2016\/07\/facebook_GULegends_10Torwandschuesse_2016.jpg' itemprop=\"contentURL\"><img width=\"175\" height=\"131\" src=\"https:\/\/beta.goalunited.org\/wp-content\/uploads\/2016\/07\/facebook_GULegends_10Torwandschuesse_2016-175x131.jpg\" class=\"attachment-post-thumbnail size-post-thumbnail\" alt=\"goalunited legends\" decoding=\"async\" loading=\"lazy\" itemprop=\"thumbnail\" data-copyright=\"\" data-headline=\"goalunited legends\" data-description=\"\" \/><\/a><\/div>\n\t\t\t\t\t<\/figure>\n\t\t\t\t\t<figure class='gallery-item col-3' itemprop='associatedMedia' itemscope itemtype='http:\/\/schema.org\/ImageObject'>\n\t\t\t\t\t\t<div class='gallery-icon landscape'><a href='https:\/\/beta.goalunited.org\/wp-content\/uploads\/2016\/07\/GUPro_Stadionumfeld_Geb\u00e4udeaufbau_03.jpg' itemprop=\"contentURL\"><img width=\"175\" height=\"131\" src=\"https:\/\/beta.goalunited.org\/wp-content\/uploads\/2016\/07\/GUPro_Stadionumfeld_Geb\u00e4udeaufbau_03-175x131.jpg\" class=\"attachment-post-thumbnail size-post-thumbnail\" alt=\"goalunited legends arena\" decoding=\"async\" loading=\"lazy\" itemprop=\"thumbnail\" data-copyright=\"\" data-headline=\"goalunited legends arena\" data-description=\"\" \/><\/a><\/div>\n\t\t\t\t\t<\/figure>\n\t\t\t\t\t<figure class='gallery-item col-3' itemprop='associatedMedia' itemscope itemtype='http:\/\/schema.org\/ImageObject'>\n\t\t\t\t\t\t<div class='gallery-icon landscape'><a href='https:\/\/beta.goalunited.org\/wp-content\/uploads\/2016\/07\/Northworks-Wall_Geb\u00e4ude_2-60x40.jpg' itemprop=\"contentURL\"><img width=\"175\" height=\"131\" src=\"https:\/\/beta.goalunited.org\/wp-content\/uploads\/2016\/07\/Northworks-Wall_Geb\u00e4ude_2-60x40-175x131.jpg\" class=\"attachment-post-thumbnail size-post-thumbnail\" alt=\"goalunited legends training center\" decoding=\"async\" loading=\"lazy\" itemprop=\"thumbnail\" data-copyright=\"\" data-headline=\"goalunited legends training center\" data-description=\"\" \/><\/a><\/div>\n\t\t\t\t\t<\/figure>\n\t\t\t\t\t<figure class='gallery-item col-3' itemprop='associatedMedia' itemscope itemtype='http:\/\/schema.org\/ImageObject'>\n\t\t\t\t\t\t<div class='gallery-icon landscape'><a href='https:\/\/beta.goalunited.org\/wp-content\/uploads\/2016\/07\/Northworks-Wall_Geb\u00e4ude_3-60x40.jpg' itemprop=\"contentURL\"><img width=\"175\" height=\"131\" src=\"https:\/\/beta.goalunited.org\/wp-content\/uploads\/2016\/07\/Northworks-Wall_Geb\u00e4ude_3-60x40-175x131.jpg\" class=\"attachment-post-thumbnail size-post-thumbnail\" alt=\"goalunited legends building train station\" decoding=\"async\" loading=\"lazy\" itemprop=\"thumbnail\" data-copyright=\"\" data-headline=\"goalunited legends building train station\" data-description=\"\" \/><\/a><\/div>\n\t\t\t\t\t<\/figure>\n\t\t\t\t\t<figure class='gallery-item col-3' itemprop='associatedMedia' itemscope itemtype='http:\/\/schema.org\/ImageObject'>\n\t\t\t\t\t\t<div class='gallery-icon landscape'><a href='https:\/\/beta.goalunited.org\/wp-content\/uploads\/2016\/07\/Northworks-Wall_Geb\u00e4ude_5-60x40.jpg' itemprop=\"contentURL\"><img width=\"175\" height=\"131\" src=\"https:\/\/beta.goalunited.org\/wp-content\/uploads\/2016\/07\/Northworks-Wall_Geb\u00e4ude_5-60x40-175x131.jpg\" class=\"attachment-post-thumbnail size-post-thumbnail\" alt=\"goalunited legends building fan mile\" decoding=\"async\" loading=\"lazy\" itemprop=\"thumbnail\" data-copyright=\"\" data-headline=\"goalunited legends building fan mile\" data-description=\"\" \/><\/a><\/div>\n\t\t\t\t\t<\/figure>\n\t\t\t\t\t<figure class='gallery-item col-3' itemprop='associatedMedia' itemscope itemtype='http:\/\/schema.org\/ImageObject'>\n\t\t\t\t\t\t<div class='gallery-icon landscape'><a href='https:\/\/beta.goalunited.org\/wp-content\/uploads\/2016\/07\/Spielerpersonal.jpg' itemprop=\"contentURL\"><img width=\"175\" height=\"131\" src=\"https:\/\/beta.goalunited.org\/wp-content\/uploads\/2016\/07\/Spielerpersonal-175x131.jpg\" class=\"attachment-post-thumbnail size-post-thumbnail\" alt=\"\" decoding=\"async\" loading=\"lazy\" itemprop=\"thumbnail\" data-copyright=\"\" data-headline=\"Spielerpersonal\" data-description=\"\" \/><\/a><\/div>\n\t\t\t\t\t<\/figure>\n\t\t\t\t\t<figure class='gallery-item col-3' itemprop='associatedMedia' itemscope itemtype='http:\/\/schema.org\/ImageObject'>\n\t\t\t\t\t\t<div class='gallery-icon landscape'><a href='https:\/\/beta.goalunited.org\/wp-content\/uploads\/2016\/07\/Sprint_Scene.jpg' itemprop=\"contentURL\"><img width=\"175\" height=\"131\" src=\"https:\/\/beta.goalunited.org\/wp-content\/uploads\/2016\/07\/Sprint_Scene-175x131.jpg\" class=\"attachment-post-thumbnail size-post-thumbnail\" alt=\"goalunited legends wallpaper\" decoding=\"async\" loading=\"lazy\" itemprop=\"thumbnail\" data-copyright=\"\" data-headline=\"goalunited legends wallpaper\" data-description=\"\" \/><\/a><\/div>\n\t\t\t\t\t<\/figure>\n\t\t\t\t\t<figure class='gallery-item col-3' itemprop='associatedMedia' itemscope itemtype='http:\/\/schema.org\/ImageObject'>\n\t\t\t\t\t\t<div class='gallery-icon landscape'><a href='https:\/\/beta.goalunited.org\/wp-content\/uploads\/2016\/07\/absolutepro.jpg' itemprop=\"contentURL\"><img width=\"175\" height=\"131\" src=\"https:\/\/beta.goalunited.org\/wp-content\/uploads\/2016\/07\/absolutepro-175x131.jpg\" class=\"attachment-post-thumbnail size-post-thumbnail\" alt=\"\" decoding=\"async\" loading=\"lazy\" srcset=\"https:\/\/beta.goalunited.org\/wp-content\/uploads\/2016\/07\/absolutepro-175x131.jpg 175w, https:\/\/beta.goalunited.org\/wp-content\/uploads\/2016\/07\/absolutepro-300x225.jpg 300w, https:\/\/beta.goalunited.org\/wp-content\/uploads\/2016\/07\/absolutepro-768x576.jpg 768w, https:\/\/beta.goalunited.org\/wp-content\/uploads\/2016\/07\/absolutepro.jpg 1024w, https:\/\/beta.goalunited.org\/wp-content\/uploads\/2016\/07\/absolutepro-667x500.jpg 667w\" sizes=\"(max-width: 175px) 100vw, 175px\" itemprop=\"thumbnail\" data-copyright=\"\" data-headline=\"absolutepro\" data-description=\"\" \/><\/a><\/div>\n\t\t\t\t\t<\/figure>\n\t\t\t\t\t<figure class='gallery-item col-3' itemprop='associatedMedia' itemscope itemtype='http:\/\/schema.org\/ImageObject'>\n\t\t\t\t\t\t<div class='gallery-icon landscape'><a href='https:\/\/beta.goalunited.org\/wp-content\/uploads\/2016\/07\/currywurst.jpg' itemprop=\"contentURL\"><img width=\"175\" height=\"131\" src=\"https:\/\/beta.goalunited.org\/wp-content\/uploads\/2016\/07\/currywurst-175x131.jpg\" class=\"attachment-post-thumbnail size-post-thumbnail\" alt=\"\" decoding=\"async\" loading=\"lazy\" srcset=\"https:\/\/beta.goalunited.org\/wp-content\/uploads\/2016\/07\/currywurst-175x131.jpg 175w, https:\/\/beta.goalunited.org\/wp-content\/uploads\/2016\/07\/currywurst-300x225.jpg 300w, https:\/\/beta.goalunited.org\/wp-content\/uploads\/2016\/07\/currywurst-768x576.jpg 768w, https:\/\/beta.goalunited.org\/wp-content\/uploads\/2016\/07\/currywurst.jpg 1024w, https:\/\/beta.goalunited.org\/wp-content\/uploads\/2016\/07\/currywurst-667x500.jpg 667w\" sizes=\"(max-width: 175px) 100vw, 175px\" itemprop=\"thumbnail\" data-copyright=\"\" data-headline=\"currywurst\" data-description=\"\" \/><\/a><\/div>\n\t\t\t\t\t<\/figure>\n\t\t\t\t\t<figure class='gallery-item col-3' itemprop='associatedMedia' itemscope itemtype='http:\/\/schema.org\/ImageObject'>\n\t\t\t\t\t\t<div class='gallery-icon landscape'><a href='https:\/\/beta.goalunited.org\/wp-content\/uploads\/2016\/07\/em_trophy.jpg' itemprop=\"contentURL\"><img width=\"175\" height=\"131\" src=\"https:\/\/beta.goalunited.org\/wp-content\/uploads\/2016\/07\/em_trophy-175x131.jpg\" class=\"attachment-post-thumbnail size-post-thumbnail\" alt=\"\" decoding=\"async\" loading=\"lazy\" srcset=\"https:\/\/beta.goalunited.org\/wp-content\/uploads\/2016\/07\/em_trophy-175x131.jpg 175w, https:\/\/beta.goalunited.org\/wp-content\/uploads\/2016\/07\/em_trophy-300x225.jpg 300w, https:\/\/beta.goalunited.org\/wp-content\/uploads\/2016\/07\/em_trophy-768x576.jpg 768w, https:\/\/beta.goalunited.org\/wp-content\/uploads\/2016\/07\/em_trophy.jpg 1024w, https:\/\/beta.goalunited.org\/wp-content\/uploads\/2016\/07\/em_trophy-667x500.jpg 667w\" sizes=\"(max-width: 175px) 100vw, 175px\" itemprop=\"thumbnail\" data-copyright=\"\" data-headline=\"em_trophy\" data-description=\"\" \/><\/a><\/div>\n\t\t\t\t\t<\/figure>\n\t\t\t\t\t<figure class='gallery-item col-3' itemprop='associatedMedia' itemscope itemtype='http:\/\/schema.org\/ImageObject'>\n\t\t\t\t\t\t<div class='gallery-icon landscape'><a href='https:\/\/beta.goalunited.org\/wp-content\/uploads\/2016\/07\/em2016.jpg' itemprop=\"contentURL\"><img width=\"175\" height=\"131\" src=\"https:\/\/beta.goalunited.org\/wp-content\/uploads\/2016\/07\/em2016-175x131.jpg\" class=\"attachment-post-thumbnail size-post-thumbnail\" alt=\"\" decoding=\"async\" loading=\"lazy\" srcset=\"https:\/\/beta.goalunited.org\/wp-content\/uploads\/2016\/07\/em2016-175x131.jpg 175w, https:\/\/beta.goalunited.org\/wp-content\/uploads\/2016\/07\/em2016-300x225.jpg 300w, https:\/\/beta.goalunited.org\/wp-content\/uploads\/2016\/07\/em2016-768x576.jpg 768w, https:\/\/beta.goalunited.org\/wp-content\/uploads\/2016\/07\/em2016.jpg 1024w, https:\/\/beta.goalunited.org\/wp-content\/uploads\/2016\/07\/em2016-667x500.jpg 667w\" sizes=\"(max-width: 175px) 100vw, 175px\" itemprop=\"thumbnail\" data-copyright=\"\" data-headline=\"em2016\" data-description=\"\" \/><\/a><\/div>\n\t\t\t\t\t<\/figure>\n\t\t\t\t\t<figure class='gallery-item col-3' itemprop='associatedMedia' itemscope itemtype='http:\/\/schema.org\/ImageObject'>\n\t\t\t\t\t\t<div class='gallery-icon landscape'><a href='https:\/\/beta.goalunited.org\/wp-content\/uploads\/2016\/07\/eu_booster_stars_premiumn.png' itemprop=\"contentURL\"><img width=\"175\" height=\"131\" src=\"https:\/\/beta.goalunited.org\/wp-content\/uploads\/2016\/07\/eu_booster_stars_premiumn-175x131.png\" class=\"attachment-post-thumbnail size-post-thumbnail\" alt=\"\" decoding=\"async\" loading=\"lazy\" itemprop=\"thumbnail\" data-copyright=\"\" data-headline=\"eu_booster_stars_premiumn\" data-description=\"\" \/><\/a><\/div>\n\t\t\t\t\t<\/figure>\n\t\t\t\t\t<figure class='gallery-item col-3' itemprop='associatedMedia' itemscope itemtype='http:\/\/schema.org\/ImageObject'>\n\t\t\t\t\t\t<div class='gallery-icon landscape'><a href='https:\/\/beta.goalunited.org\/wp-content\/uploads\/2016\/07\/facebook_booster_olympia_start_pack.jpg' itemprop=\"contentURL\"><img width=\"175\" height=\"131\" src=\"https:\/\/beta.goalunited.org\/wp-content\/uploads\/2016\/07\/facebook_booster_olympia_start_pack-175x131.jpg\" class=\"attachment-post-thumbnail size-post-thumbnail\" alt=\"\" decoding=\"async\" loading=\"lazy\" itemprop=\"thumbnail\" data-copyright=\"\" data-headline=\"facebook_booster_olympia_start_pack\" data-description=\"\" \/><\/a><\/div>\n\t\t\t\t\t<\/figure>\n\t\t\t\t\t<figure class='gallery-item col-3' itemprop='associatedMedia' itemscope itemtype='http:\/\/schema.org\/ImageObject'>\n\t\t\t\t\t\t<div class='gallery-icon landscape'><a href='https:\/\/beta.goalunited.org\/wp-content\/uploads\/2016\/07\/Lineup.png' itemprop=\"contentURL\"><img width=\"175\" height=\"131\" src=\"https:\/\/beta.goalunited.org\/wp-content\/uploads\/2016\/07\/Lineup-175x131.png\" class=\"attachment-post-thumbnail size-post-thumbnail\" alt=\"goalunited legends line-up\" decoding=\"async\" loading=\"lazy\" itemprop=\"thumbnail\" data-copyright=\"\" data-headline=\"goalunited legends line-up\" data-description=\"\" \/><\/a><\/div>\n\t\t\t\t\t<\/figure>\n\t\t\t\t\t<figure class='gallery-item col-3' itemprop='associatedMedia' itemscope itemtype='http:\/\/schema.org\/ImageObject'>\n\t\t\t\t\t\t<div class='gallery-icon landscape'><a href='https:\/\/beta.goalunited.org\/wp-content\/uploads\/2016\/08\/LEAGUE.jpg' itemprop=\"contentURL\"><img width=\"175\" height=\"131\" src=\"https:\/\/beta.goalunited.org\/wp-content\/uploads\/2016\/08\/LEAGUE-175x131.jpg\" class=\"attachment-post-thumbnail size-post-thumbnail\" alt=\"goalunited legends league\" decoding=\"async\" loading=\"lazy\" itemprop=\"thumbnail\" data-copyright=\"\" data-headline=\"goalunited legends league\" data-description=\"\" \/><\/a><\/div>\n\t\t\t\t\t<\/figure>\n\t\t\t\t\t<figure class='gallery-item col-3' itemprop='associatedMedia' itemscope itemtype='http:\/\/schema.org\/ImageObject'>\n\t\t\t\t\t\t<div class='gallery-icon landscape'><a href='https:\/\/beta.goalunited.org\/wp-content\/uploads\/2016\/08\/Home.jpg' itemprop=\"contentURL\"><img width=\"175\" height=\"131\" src=\"https:\/\/beta.goalunited.org\/wp-content\/uploads\/2016\/08\/Home-175x131.jpg\" class=\"attachment-post-thumbnail size-post-thumbnail\" alt=\"goalunited legends home screen\" decoding=\"async\" loading=\"lazy\" itemprop=\"thumbnail\" data-copyright=\"\" data-headline=\"goalunited legends home screen\" data-description=\"\" \/><\/a><\/div>\n\t\t\t\t\t<\/figure>\n\t\t\t\t\t<figure class='gallery-item col-3' itemprop='associatedMedia' itemscope itemtype='http:\/\/schema.org\/ImageObject'>\n\t\t\t\t\t\t<div class='gallery-icon landscape'><a href='https:\/\/beta.goalunited.org\/wp-content\/uploads\/2016\/08\/CUP.jpg' itemprop=\"contentURL\"><img width=\"175\" height=\"131\" src=\"https:\/\/beta.goalunited.org\/wp-content\/uploads\/2016\/08\/CUP-175x131.jpg\" class=\"attachment-post-thumbnail size-post-thumbnail\" alt=\"goalunited legends cup\" decoding=\"async\" loading=\"lazy\" itemprop=\"thumbnail\" data-copyright=\"\" data-headline=\"goalunited legends cup\" data-description=\"\" \/><\/a><\/div>\n\t\t\t\t\t<\/figure>\n\t\t\t\t\t<figure class='gallery-item col-3' itemprop='associatedMedia' itemscope itemtype='http:\/\/schema.org\/ImageObject'>\n\t\t\t\t\t\t<div class='gallery-icon landscape'><a href='https:\/\/beta.goalunited.org\/wp-content\/uploads\/2016\/08\/ARENA.jpg' itemprop=\"contentURL\"><img width=\"175\" height=\"131\" src=\"https:\/\/beta.goalunited.org\/wp-content\/uploads\/2016\/08\/ARENA-175x131.jpg\" class=\"attachment-post-thumbnail size-post-thumbnail\" alt=\"goalunited legends arena\" decoding=\"async\" loading=\"lazy\" itemprop=\"thumbnail\" data-copyright=\"\" data-headline=\"goalunited legends arena\" data-description=\"\" \/><\/a><\/div>\n\t\t\t\t\t<\/figure>\n\t\t\t\t\t<figure class='gallery-item col-3' itemprop='associatedMedia' itemscope itemtype='http:\/\/schema.org\/ImageObject'>\n\t\t\t\t\t\t<div class='gallery-icon landscape'><a href='https:\/\/beta.goalunited.org\/wp-content\/uploads\/2016\/08\/TROPHIES.jpg' itemprop=\"contentURL\"><img width=\"175\" height=\"131\" src=\"https:\/\/beta.goalunited.org\/wp-content\/uploads\/2016\/08\/TROPHIES-175x131.jpg\" class=\"attachment-post-thumbnail size-post-thumbnail\" alt=\"goalunited legends club house\" decoding=\"async\" loading=\"lazy\" itemprop=\"thumbnail\" data-copyright=\"\" data-headline=\"goalunited legends club house\" data-description=\"\" \/><\/a><\/div>\n\t\t\t\t\t<\/figure>\n\t\t\t\t\t<figure class='gallery-item col-3' itemprop='associatedMedia' itemscope itemtype='http:\/\/schema.org\/ImageObject'>\n\t\t\t\t\t\t<div class='gallery-icon landscape'><a href='https:\/\/beta.goalunited.org\/wp-content\/uploads\/2016\/08\/TRANSFERMARKET.jpg' itemprop=\"contentURL\"><img width=\"175\" height=\"131\" src=\"https:\/\/beta.goalunited.org\/wp-content\/uploads\/2016\/08\/TRANSFERMARKET-175x131.jpg\" class=\"attachment-post-thumbnail size-post-thumbnail\" alt=\"goalunited legends transfer market\" decoding=\"async\" loading=\"lazy\" itemprop=\"thumbnail\" data-copyright=\"\" data-headline=\"goalunited legends transfer market\" data-description=\"\" \/><\/a><\/div>\n\t\t\t\t\t<\/figure>\n\t\t\t\t\t<figure class='gallery-item col-3' itemprop='associatedMedia' itemscope itemtype='http:\/\/schema.org\/ImageObject'>\n\t\t\t\t\t\t<div class='gallery-icon landscape'><a href='https:\/\/beta.goalunited.org\/wp-content\/uploads\/2016\/08\/LIVETICKER.jpg' itemprop=\"contentURL\"><img width=\"175\" height=\"131\" src=\"https:\/\/beta.goalunited.org\/wp-content\/uploads\/2016\/08\/LIVETICKER-175x131.jpg\" class=\"attachment-post-thumbnail size-post-thumbnail\" alt=\"goalunited legends live ticker\" decoding=\"async\" loading=\"lazy\" itemprop=\"thumbnail\" data-copyright=\"\" data-headline=\"goalunited legends live ticker\" data-description=\"\" \/><\/a><\/div>\n\t\t\t\t\t<\/figure>\n\t\t\t<\/div><!-- .gallery -->\n\n<p>&nbsp;<\/p>","protected":false},"excerpt":{"rendered":"<p>Desculpe, este conte\u00fado s\u00f3 est\u00e1 dispon\u00edvel em Ingl\u00eas (Eua). Por uma quest\u00e3o de conveni\u00eancia para o utilizador, o conte\u00fado \u00e9 mostrado abaixo no idioma alternativo. Pode clicar na liga\u00e7\u00e3o para <a href=\"https:\/\/beta.goalunited.org\/pt\/media\/\" class=\"more-link\">[&hellip;]<\/a><\/p>\n","protected":false},"author":1,"featured_media":0,"parent":0,"menu_order":0,"comment_status":"closed","ping_status":"closed","template":"","meta":{"_mi_skip_tracking":false,"_monsterinsights_sitenote_active":false,"_monsterinsights_sitenote_note":"","_monsterinsights_sitenote_category":0,"Layout":"2c-l","footnotes":""},"aioseo_notices":[],"_links":{"self":[{"href":"https:\/\/beta.goalunited.org\/pt\/wp-json\/wp\/v2\/pages\/9"}],"collection":[{"href":"https:\/\/beta.goalunited.org\/pt\/wp-json\/wp\/v2\/pages"}],"about":[{"href":"https:\/\/beta.goalunited.org\/pt\/wp-json\/wp\/v2\/types\/page"}],"author":[{"embeddable":true,"href":"https:\/\/beta.goalunited.org\/pt\/wp-json\/wp\/v2\/users\/1"}],"replies":[{"embeddable":true,"href":"https:\/\/beta.goalunited.org\/pt\/wp-json\/wp\/v2\/comments?post=9"}],"version-history":[{"count":22,"href":"https:\/\/beta.goalunited.org\/pt\/wp-json\/wp\/v2\/pages\/9\/revisions"}],"predecessor-version":[{"id":253,"href":"https:\/\/beta.goalunited.org\/pt\/wp-json\/wp\/v2\/pages\/9\/revisions\/253"}],"wp:attachment":[{"href":"https:\/\/beta.goalunited.org\/pt\/wp-json\/wp\/v2\/media?parent=9"}],"curies":[{"name":"wp","href":"https:\/\/api.w.org\/{rel}","templated":true}]}}