{"id":707,"date":"2024-03-11T14:49:55","date_gmt":"2024-03-11T14:49:55","guid":{"rendered":"https:\/\/beta.goalunited.org\/?page_id=707"},"modified":"2024-03-11T15:37:55","modified_gmt":"2024-03-11T15:37:55","slug":"game-rules","status":"publish","type":"page","link":"https:\/\/beta.goalunited.org\/pt\/game-rules\/","title":{"rendered":"Regras do Jogo"},"content":{"rendered":"<p><br><\/p>\n\n\n\n<p><strong>Regras do Jogo<\/strong><\/p>\n\n\n\n<p>As Regras do Jogo listadas abaixo representam uma adi\u00e7\u00e3o aos <a href=\"https:\/\/agb.traviangames.com\/terms-pt.pdf\">termos e condi\u00e7\u00f5es<\/a> gerais.<\/p>\n\n\n\n<p>Os termos e condi\u00e7\u00f5es gerais (Sec\u00e7\u00e3o 6) devem ser consultados em caso de penaliza\u00e7\u00e3o, ou simplesmente para verificar o que \u00e9 permitido e o que n\u00e3o \u00e9.<\/p>\n\n\n\n<p>Todas as regras do jogo s\u00e3o aplic\u00e1veis aos jogadores activos, jogadores que pretendem apagar a sua conta, e aqueles que j\u00e1 activaram a fase de remo\u00e7\u00e3o para a sua conta.<\/p>\n\n\n\n<p><strong>1. Conta e clubes<\/strong><\/p>\n\n\n\n<p>1.1. Cada gestor goalunited apenas pode possuir uma conta (at\u00e9 3 clubes poss\u00edveis na mesma conta atrav\u00e9s da funcionalidade <a href=\"https:\/\/support.goalunited.org\/pt-PT\/support\/solutions\/articles\/7000046178-top-manager\">Gestor de Topo<\/a>). Multi-contas reportadas ou detectadas ser\u00e3o fechadas, o dono ser\u00e1 notificado e a conta principal ser\u00e1 penalizada.<\/p>\n\n\n\n<p>1.2. O dono da conta \u00e9 a pessoa com o endere\u00e7o de email registado na conta. O suporte tem o direito de pedir o endere\u00e7o de email para fins de valida\u00e7\u00e3o de posse.<\/p>\n\n\n\n<p>1.3. A partilha de passwords de contas n\u00e3o \u00e9 permitida. Em caso de queixas recebidas pelo suporte relativamente a isto, a conta em quest\u00e3o ser\u00e1 penalizada\/fechada dependendo do resultado da investiga\u00e7\u00e3o. A nossa equipa de suporte ou outros membros da equipa nunca pedir\u00e3o a tua password, se esta situa\u00e7\u00e3o te acontecer reporta-a de imediato a complaints@traviangames.com<\/p>\n\n\n\n<p>1.4. Contas\/clubes inactivos podem potencialmente ser apagados com o tempo por uma ou outra raz\u00e3o de natureza t\u00e9cnica. Contas que t\u00eam premium activo est\u00e3o protegidas, no entanto os seus clubes ainda podem ser reiniciados (come\u00e7ar de novo) caso devido a neglig\u00eancia o clube entre em bancarrota. \u00c9 imposs\u00edvel restaurar contas\/clubes j\u00e1 apagados ou falidos.<\/p>\n\n\n\n<p>1.5 A venda de contas \u00e9 proibida. Qualquer tentativa pode levar \u00e0 remo\u00e7\u00e3o permanente da conta.<\/p>\n\n\n\n<p><strong>2. Comunica\u00e7\u00e3o no jogo e uso\/carregamento de conte\u00fado<\/strong><\/p>\n\n\n\n<p>2.1 Os jogadores devem sempre comunicar educadamente atrav\u00e9s das mensagens no jogo, livro de visitas, comunicados de imprensa e todas as outras formas de comunica\u00e7\u00e3o fornecidas pelo goalunited. Qualquer forma de insulto, linguagem abusiva ou profanidades dirigidas a um gestor, grupo de gestores ou membros da equipa, atrav\u00e9s de qualquer um dos canais de comunica\u00e7\u00e3o do jogo, ser\u00e1 punido com uma ac\u00e7\u00e3o na conta de jogo.<\/p>\n\n\n\n<p>2.2 O carregamento e exibi\u00e7\u00e3o de conte\u00fado n\u00e3o adequado a menores \u00e9 estritamente proibido.<\/p>\n\n\n\n<p>2.3 An\u00fancios e publicidade de qualquer forma n\u00e3o s\u00e3o permitidos. Travian Games GmbH e\/ou empresas afiliadas ou p\u00e1ginas de confian\u00e7a (YouTube, Wikipedia etc.) s\u00e3o permitidas.<\/p>\n\n\n\n<p>2.4 Mensagens e conversa\u00e7\u00f5es entre duas partes dentro do jogo apenas podem ser publicadas se todas as partes envolvidas derem o seu consentimento. A publica\u00e7\u00e3o de mensagens ou emails de ou para a equipa goalunited \u00e9 proibida excepto com consentimento expl\u00edcito.<\/p>\n\n\n\n<p>2.5 Conte\u00fado que seja uma correspond\u00eancia exacta de material original\/protegido ser\u00e1 removido (como nome ou s\u00edmbolo oficial de um clube); por favor reporta qualquer conte\u00fado utilizando o bot\u00e3o de den\u00fancia dentro do jogo caso observes conte\u00fado que contenha material protegido por direitos de autor ou de marca registada ou que por qualquer raz\u00e3o viole as regras.<\/p>\n\n\n\n<p>2.6 Qualquer conte\u00fado reportado ou detectado que represente discrimina\u00e7\u00e3o com base em g\u00e9nero, idade, ra\u00e7a, orienta\u00e7\u00e3o sexual, incapacidade, cren\u00e7as pol\u00edticas ou religiosas ser\u00e1 removido e penalizado adequadamente.<\/p>\n\n\n\n<p>2.7 Qualquer outro conte\u00fado inapropriado, ou que seja considerado pela equipa ou pelo suporte como disruptivo da experi\u00eancia de outros poder\u00e1 ser sancionado.<\/p>\n\n\n\n<p>2.8. \u00c9 proibido for\u00e7ar um jogador a apagar, entregar ou partilhar a sua conta, ou exigir que partilhem a sua password ou violem uma regra.<\/p>\n\n\n\n<p>2.9. Personificar um membro da equipa no \u00e2mbito de espalhar falsas informa\u00e7\u00f5es sobre o jogo ou for\u00e7ar\/persuadir jogadores a realizar ac\u00e7\u00f5es contra a sua vontade \u00e9 proibido.<\/p>\n\n\n\n<p><strong>3. Administra\u00e7\u00e3o\/Modera\u00e7\u00e3o<\/strong><\/p>\n\n\n\n<p>3.1. A equipa de suporte e administradores t\u00eam o poder de decidir as penaliza\u00e7\u00f5es para viola\u00e7\u00f5es de regras de jogo.<\/p>\n\n\n\n<p>3.2. Em caso de viola\u00e7\u00f5es de regras, o teu \u00fanico contacto dever\u00e1 ser a equipa de suporte. Todos os jogadores podem enviar o seu recurso, explicando as circunst\u00e2ncias, usando o formul\u00e1rio de contacto fornecido. Caso o jogador tenha boa raz\u00e3o para questionar a decis\u00e3o do agente de suporte, por favor pede para o ticket ser escalado a um n\u00edvel superior. O caso ser\u00e1 ent\u00e3o revisto novamente.<\/p>\n\n\n\n<p>3.3. A equipa goalunited reserva o direito de alterar as regras de jogo a qualquer altura para assegurar que o jogo permanece divertido, justo e com respeito.<\/p>\n\n\n\n<p>3.4. A equipa goalunited reserve o direito de sempre proteger um estado de jogo saud\u00e1vel e justo para os seus jogadores, especialmente em situa\u00e7\u00f5es nas quais a investiga\u00e7\u00e3o de situa\u00e7\u00f5es ou ac\u00e7\u00f5es potencialmente nocivas indiquem fortemente que danos estejam a ser realizados \u00e0 experi\u00eancia de jogo e\/ou um ou mais jogadores no jogo. Nestas situa\u00e7\u00f5es a equipa goalunited tem o direito de tomar as ac\u00e7\u00f5es necess\u00e1rias mesmo que a situa\u00e7\u00e3o espec\u00edfica n\u00e3o esteja coberta nas regras de jogo actuais.<\/p>\n\n\n\n<p>3.5 Cr\u00edtica e feedback construtivos e educados sobre o jogo e a sua equipa s\u00e3o bem-vindos, no entanto tem em conta que tentativas de diminui\u00e7\u00e3o do valor do jogo ou de um ou mais indiv\u00edduos da equipa ter\u00e1 ac\u00e7\u00e3o apropriada.<\/p>\n\n\n\n<p>3.6. A equipa goalunited n\u00e3o revelar\u00e1 ou tornar\u00e1 p\u00fablicas as medidas que tenham sido tomadas para viola\u00e7\u00f5es de regras no goalunited<\/p>\n\n\n\n<p><strong>4. Fair play<\/strong><\/p>\n\n\n\n<p>4.1 O uso de bugs do jogo ou explora\u00e7\u00e3o de funcionalidades em \u00e2mbito de ganhar vantagem em detrimento de outros gestores ou do pr\u00f3prio jogo \u00e9 proibido. Qualquer falha ou mecanismo de explora\u00e7\u00e3o encontrado dever\u00e1 ser imediatamente reportado \u00e0 equipa de suporte.<\/p>\n\n\n\n<p>4.2 O tratamento de todos os teus advers\u00e1rios no jogo de forma t\u00e3o igual quanto poss\u00edvel \u00e9 altamente encorajado. Esta \u00e9 uma das regras principais do fair-play.<\/p>\n\n\n\n<p>4.3 Definir intencionalmente um 11 mais fraco m\u00faltiplas vezes em competi\u00e7\u00f5es oficiais ou n\u00e3o-oficiais (amig\u00e1veis\/jogos de treino exclu\u00eddos) para \u201cdar\u201d uma vit\u00f3ria a um advers\u00e1rio pode levar a uma ac\u00e7\u00e3o pela equipa de suporte.<\/p>\n\n\n\n<p>4.4 Qualquer outra conduta de falta de fair-play e desportivismo ser\u00e1 considerada como uma viola\u00e7\u00e3o e pode levar \u00e0 elimina\u00e7\u00e3o permanente do clube\/conta.<\/p>\n\n\n\n<p><\/p>\n\n\n\n<p><\/p>","protected":false},"excerpt":{"rendered":"<p>Regras do Jogo As Regras do Jogo listadas abaixo representam uma adi\u00e7\u00e3o aos termos e condi\u00e7\u00f5es gerais. Os termos e condi\u00e7\u00f5es gerais (Sec\u00e7\u00e3o 6) devem ser consultados em caso de <a href=\"https:\/\/beta.goalunited.org\/pt\/game-rules\/\" class=\"more-link\">[&hellip;]<\/a><\/p>\n","protected":false},"author":1,"featured_media":0,"parent":0,"menu_order":0,"comment_status":"closed","ping_status":"closed","template":"","meta":{"_mi_skip_tracking":false,"_monsterinsights_sitenote_active":false,"_monsterinsights_sitenote_note":"","_monsterinsights_sitenote_category":0,"Layout":"","footnotes":""},"aioseo_notices":[],"_links":{"self":[{"href":"https:\/\/beta.goalunited.org\/pt\/wp-json\/wp\/v2\/pages\/707"}],"collection":[{"href":"https:\/\/beta.goalunited.org\/pt\/wp-json\/wp\/v2\/pages"}],"about":[{"href":"https:\/\/beta.goalunited.org\/pt\/wp-json\/wp\/v2\/types\/page"}],"author":[{"embeddable":true,"href":"https:\/\/beta.goalunited.org\/pt\/wp-json\/wp\/v2\/users\/1"}],"replies":[{"embeddable":true,"href":"https:\/\/beta.goalunited.org\/pt\/wp-json\/wp\/v2\/comments?post=707"}],"version-history":[{"count":4,"href":"https:\/\/beta.goalunited.org\/pt\/wp-json\/wp\/v2\/pages\/707\/revisions"}],"predecessor-version":[{"id":714,"href":"https:\/\/beta.goalunited.org\/pt\/wp-json\/wp\/v2\/pages\/707\/revisions\/714"}],"wp:attachment":[{"href":"https:\/\/beta.goalunited.org\/pt\/wp-json\/wp\/v2\/media?parent=707"}],"curies":[{"name":"wp","href":"https:\/\/api.w.org\/{rel}","templated":true}]}}