{"id":5,"date":"2016-07-14T06:42:01","date_gmt":"2016-07-14T06:42:01","guid":{"rendered":"https:\/\/beta2.goalunited.org\/?page_id=5"},"modified":"2019-03-15T09:11:26","modified_gmt":"2019-03-15T09:11:26","slug":"support","status":"publish","type":"page","link":"https:\/\/beta.goalunited.org\/pl\/support\/","title":{"rendered":"POMOC"},"content":{"rendered":"<p><\/p>\n<div class=\"help_header\"><a class=\"helplink\" href=\"https:\/\/support.goalunited.org\/en\/support\/solutions\" target=\"_blank\" rel=\"noopener noreferrer\">Pomoc &#8211; goalunited answers<\/a><\/div>\n<div class=\"help_body\">Dowiedz si\u0119 wi\u0119cej i znajd\u017a odpowiedzi na swoje pytania<\/div>\n<div class=\"help_header\" style=\"margin-top: 2em;\"><a class=\"helplink\" href=\"https:\/\/support.goalunited.org\/support\/tickets\/new\" target=\"_blank\" rel=\"noopener noreferrer\">Skontaktuj si\u0119 ze wsparciem<\/a><\/div>\n<div class=\"help_body\">Masz pytanie dotycz\u0105ce gry lub dodatk\u00f3w do kont Premium? Masz problem z zalogowaniem si\u0119 lub z p\u0142atno\u015bciami? Znalaz\u0142e\u015b b\u0142\u0105d w grze? W systemie pomocy znajdziesz odpowiedzi na swoje pytania!<\/div>\n<p><\/p>","protected":false},"excerpt":{"rendered":"<p>Pomoc &#8211; goalunited answers Dowiedz si\u0119 wi\u0119cej i znajd\u017a odpowiedzi na swoje pytania Skontaktuj si\u0119 ze wsparciem Masz pytanie dotycz\u0105ce gry lub dodatk\u00f3w do kont Premium? Masz problem z zalogowaniem <a href=\"https:\/\/beta.goalunited.org\/pl\/support\/\" class=\"more-link\">[&hellip;]<\/a><\/p>\n","protected":false},"author":1,"featured_media":0,"parent":0,"menu_order":0,"comment_status":"closed","ping_status":"closed","template":"","meta":{"_mi_skip_tracking":false,"_monsterinsights_sitenote_active":false,"_monsterinsights_sitenote_note":"","_monsterinsights_sitenote_category":0,"Layout":"","footnotes":""},"aioseo_notices":[],"_links":{"self":[{"href":"https:\/\/beta.goalunited.org\/pl\/wp-json\/wp\/v2\/pages\/5"}],"collection":[{"href":"https:\/\/beta.goalunited.org\/pl\/wp-json\/wp\/v2\/pages"}],"about":[{"href":"https:\/\/beta.goalunited.org\/pl\/wp-json\/wp\/v2\/types\/page"}],"author":[{"embeddable":true,"href":"https:\/\/beta.goalunited.org\/pl\/wp-json\/wp\/v2\/users\/1"}],"replies":[{"embeddable":true,"href":"https:\/\/beta.goalunited.org\/pl\/wp-json\/wp\/v2\/comments?post=5"}],"version-history":[{"count":45,"href":"https:\/\/beta.goalunited.org\/pl\/wp-json\/wp\/v2\/pages\/5\/revisions"}],"predecessor-version":[{"id":433,"href":"https:\/\/beta.goalunited.org\/pl\/wp-json\/wp\/v2\/pages\/5\/revisions\/433"}],"wp:attachment":[{"href":"https:\/\/beta.goalunited.org\/pl\/wp-json\/wp\/v2\/media?parent=5"}],"curies":[{"name":"wp","href":"https:\/\/api.w.org\/{rel}","templated":true}]}}