{"id":36,"date":"2016-07-14T18:07:33","date_gmt":"2016-07-14T18:07:33","guid":{"rendered":"https:\/\/beta2.goalunited.org\/?page_id=36"},"modified":"2024-08-05T12:55:35","modified_gmt":"2024-08-05T12:55:35","slug":"impressum","status":"publish","type":"page","link":"https:\/\/beta.goalunited.org\/pl\/impressum\/","title":{"rendered":"Imprint"},"content":{"rendered":"<p><\/p>\n<p><strong>Odpowiedzialni za t\u0119 stron\u0119:<\/strong><\/p>\n<p>Travian Games GmbH<br \/>\nMoosacher Str. 70<br \/>\n80809 Monachium<br \/>\nNiemcy<br \/>\n<a href=\"mailto:mail@traviangames.com\">mail@traviangames.com<\/a><\/p>\n<p><strong>Jurysdykcja:<\/strong><br \/>\nS\u0105d Okr\u0119gowy w Monachium, HRB 173511<br \/>\nNIP: DE 246258085<br \/>\nDyrektorzy zarz\u0105dzaj\u0105cy: <span lang=\"EN-US\">Viktor Pulz, <\/span>J\u00f6rg Strathaus<br \/>\nTelefon: 004989\/32 49 15 93 8 (nie dla pomocy w grze)<br \/>\nFaks: 004989\/32 49 15 97 3 (tylko w sprawach PLUSa)<\/p>\n<p><strong>Pomoc:<\/strong><br \/>\n<a href=\"https:\/\/support.goalunited.org\/de\/support\/tickets\/new\">Kontakt<\/a><\/p>\n<p><strong>Odpowiedzialny za ochron\u0119 m\u0142odzie\u017cy:<\/strong><br \/>\nRechtsanwalt Dr. Andreas Lober<br \/>\nBeiten Burkhardt Rechtsanwaltsgesellschaft mbH<\/p>\n<p><a href=\"mailto:youthprotection@traviangames.com\">youthprotection@traviangames.com<\/a><\/p>\n<p><strong>Odpowiedzialny za ochron\u0119 danych:<\/strong><\/p>\n<p>Philipp Heindorff<\/p>\n<p><a href=\"mailto:privacy@traviangames.com\">privacy@traviangames.com<\/a><\/p>\n<p>Je\u017celi potrzebujesz pomocy, podaj w korespondencji nick Twojego konta oraz \u015bwiat gry, na kt\u00f3rym grasz.<\/p>\n<p>Wszystkie prawa do tekst\u00f3w, obrazk\u00f3w i kodu stron nale\u017c\u0105 do Travian Games GmbH.<\/p>\n<p>Travian jest zarejestrowanym znakiem handlowym Travian Games GmbH.<\/p>\n<p>Komisja UE stworzy\u0142a platform\u0119 internetowego rozstrzygania spor\u00f3w (platform\u0119 ODR) mi\u0119dzy sprzedawcami i klientami. Platform\u0119 ODR mo\u017cna znale\u017a\u0107 pod poni\u017cszym linkiem:\u00a0<a href=\"https:\/\/ec.europa.eu\/consumers\/odr\/\">https:\/\/ec.europa.eu\/consumers\/odr<\/a>. Nie jeste\u015bmy do tego zobowi\u0105zani i obecnie nie bierzemy udzia\u0142u w alternatywnym rozstrzyganiu spor\u00f3w lub w platformach rozstrzygania spor\u00f3w.<\/p>\n<p>Liability note: Despite conscientious efforts, we cannot be held responsible for the monitoring of the contents of external links.<br \/>\nThe owner of the linked sites are exclusively responsible for the contents.<\/p>","protected":false},"excerpt":{"rendered":"<p>Odpowiedzialni za t\u0119 stron\u0119: Travian Games GmbH Moosacher Str. 70 80809 Monachium Niemcy mail@traviangames.com Jurysdykcja: S\u0105d Okr\u0119gowy w Monachium, HRB 173511 NIP: DE 246258085 Dyrektorzy zarz\u0105dzaj\u0105cy: Viktor Pulz, J\u00f6rg Strathaus <a href=\"https:\/\/beta.goalunited.org\/pl\/impressum\/\" class=\"more-link\">[&hellip;]<\/a><\/p>\n","protected":false},"author":1,"featured_media":0,"parent":0,"menu_order":0,"comment_status":"closed","ping_status":"closed","template":"","meta":{"_mi_skip_tracking":false,"_monsterinsights_sitenote_active":false,"_monsterinsights_sitenote_note":"","_monsterinsights_sitenote_category":0,"Layout":"","footnotes":""},"aioseo_notices":[],"_links":{"self":[{"href":"https:\/\/beta.goalunited.org\/pl\/wp-json\/wp\/v2\/pages\/36"}],"collection":[{"href":"https:\/\/beta.goalunited.org\/pl\/wp-json\/wp\/v2\/pages"}],"about":[{"href":"https:\/\/beta.goalunited.org\/pl\/wp-json\/wp\/v2\/types\/page"}],"author":[{"embeddable":true,"href":"https:\/\/beta.goalunited.org\/pl\/wp-json\/wp\/v2\/users\/1"}],"replies":[{"embeddable":true,"href":"https:\/\/beta.goalunited.org\/pl\/wp-json\/wp\/v2\/comments?post=36"}],"version-history":[{"count":59,"href":"https:\/\/beta.goalunited.org\/pl\/wp-json\/wp\/v2\/pages\/36\/revisions"}],"predecessor-version":[{"id":719,"href":"https:\/\/beta.goalunited.org\/pl\/wp-json\/wp\/v2\/pages\/36\/revisions\/719"}],"wp:attachment":[{"href":"https:\/\/beta.goalunited.org\/pl\/wp-json\/wp\/v2\/media?parent=36"}],"curies":[{"name":"wp","href":"https:\/\/api.w.org\/{rel}","templated":true}]}}