{"id":36,"date":"2016-07-14T18:07:33","date_gmt":"2016-07-14T18:07:33","guid":{"rendered":"https:\/\/beta2.goalunited.org\/?page_id=36"},"modified":"2024-08-05T12:55:35","modified_gmt":"2024-08-05T12:55:35","slug":"impressum","status":"publish","type":"page","link":"https:\/\/beta.goalunited.org\/nl\/impressum\/","title":{"rendered":"Imprint"},"content":{"rendered":"<p><\/p>\n<p><strong>Verantwoordelijk voor deze website:<\/strong><\/p>\n<p>Travian Games GmbH<br \/>\nMoosacher Str. 70<br \/>\n80809 M\u00fcnchen<br \/>\nDuitsland<br \/>\n<a href=\"mailto:mail@traviangames.com\">mail@traviangames.com<\/a><\/p>\n<p><strong>Juridische bevoegdheid<\/strong><br \/>\nRechtbank M\u00fcnchen, HRB 173511<br \/>\nBTW No. DE 246258085<br \/>\nManaging Directors: <span lang=\"EN-US\">Viktor Pulz, <\/span>J\u00f6rg Strathaus<br \/>\nTelefoonnummer: 004989-32 49 15 93 8 (niet voor spelsupport)<br \/>\nFax: 004989-32 49 15 97 3 (enkel plus support)<\/p>\n<p><strong>Support:<\/strong><br \/>\n<a href=\"https:\/\/support.goalunited.org\/de\/support\/tickets\/new\">Contact<\/a><\/p>\n<p><strong>Jeugdbeschermingsambtenaar:<\/strong><br \/>\nAdvocaat: Dr. Andreas Lober<br \/>\nBeiten Burkhardt Rechtsanwaltsgesellschaft mbH<\/p>\n<p><a href=\"mailto:youthprotection@traviangames.com\">youthprotection@traviangames.com<\/a><\/p>\n<p><strong>Gegevensbeschermingsbeambte:<\/strong><\/p>\n<p>Philipp Heindorff<\/p>\n<p><a href=\"mailto:privacy@traviangames.com\">privacy@traviangames.com<\/a><\/p>\n<p>Vergeet a.u.b. niet jouw gebruikersnaam en spelserver te vermelden als je contact opneemt met Support.<\/p>\n<p>Alle rechten m.b.t. teksten, afbeeldingen en broncodes zijn voorbehouden aan Travian Games GmbH.<\/p>\n<p>Travian is een geregistreerd handelsmerk van Travian Games GmbH.<\/p>\n<p>De Europese Commissie heeft een platform voor online geschillenbeslechting (ODR-platform) tussen bedrijven en consumenten in het leven geroepen. Dit ODR-platforum is beschikbaar via volgende link:\u00a0<a href=\"https:\/\/ec.europa.eu\/consumers\/odr\/\">https:\/\/ec.europa.eu\/consumers\/odr<\/a>. Wij zijn niet verplicht hieraan deel te nemen en zullen op dit moment niet deelnemen aan alternatieve platforms voor geschillenbeslechting.<\/p>\n<p>Liability note: Despite conscientious efforts, we cannot be held responsible for the monitoring of the contents of external links.<br \/>\nThe owner of the linked sites are exclusively responsible for the contents.<\/p>","protected":false},"excerpt":{"rendered":"<p>Verantwoordelijk voor deze website: Travian Games GmbH Moosacher Str. 70 80809 M\u00fcnchen Duitsland mail@traviangames.com Juridische bevoegdheid Rechtbank M\u00fcnchen, HRB 173511 BTW No. DE 246258085 Managing Directors: Viktor Pulz, J\u00f6rg Strathaus <a href=\"https:\/\/beta.goalunited.org\/nl\/impressum\/\" class=\"more-link\">[&hellip;]<\/a><\/p>\n","protected":false},"author":1,"featured_media":0,"parent":0,"menu_order":0,"comment_status":"closed","ping_status":"closed","template":"","meta":{"_mi_skip_tracking":false,"_monsterinsights_sitenote_active":false,"_monsterinsights_sitenote_note":"","_monsterinsights_sitenote_category":0,"Layout":"","footnotes":""},"aioseo_notices":[],"_links":{"self":[{"href":"https:\/\/beta.goalunited.org\/nl\/wp-json\/wp\/v2\/pages\/36"}],"collection":[{"href":"https:\/\/beta.goalunited.org\/nl\/wp-json\/wp\/v2\/pages"}],"about":[{"href":"https:\/\/beta.goalunited.org\/nl\/wp-json\/wp\/v2\/types\/page"}],"author":[{"embeddable":true,"href":"https:\/\/beta.goalunited.org\/nl\/wp-json\/wp\/v2\/users\/1"}],"replies":[{"embeddable":true,"href":"https:\/\/beta.goalunited.org\/nl\/wp-json\/wp\/v2\/comments?post=36"}],"version-history":[{"count":59,"href":"https:\/\/beta.goalunited.org\/nl\/wp-json\/wp\/v2\/pages\/36\/revisions"}],"predecessor-version":[{"id":719,"href":"https:\/\/beta.goalunited.org\/nl\/wp-json\/wp\/v2\/pages\/36\/revisions\/719"}],"wp:attachment":[{"href":"https:\/\/beta.goalunited.org\/nl\/wp-json\/wp\/v2\/media?parent=36"}],"curies":[{"name":"wp","href":"https:\/\/api.w.org\/{rel}","templated":true}]}}