{"id":5,"date":"2016-07-14T06:42:01","date_gmt":"2016-07-14T06:42:01","guid":{"rendered":"https:\/\/beta2.goalunited.org\/?page_id=5"},"modified":"2019-03-15T09:11:26","modified_gmt":"2019-03-15T09:11:26","slug":"support","status":"publish","type":"page","link":"https:\/\/beta.goalunited.org\/fr\/support\/","title":{"rendered":"AIDE"},"content":{"rendered":"<p><\/p>\n<div class=\"help_header\"><a class=\"helplink\" href=\"https:\/\/support.goalunited.org\/en\/support\/solutions\" target=\"_blank\" rel=\"noopener noreferrer\">Aide &#8211; FAQ Manager Football<\/a><\/div>\n<div class=\"help_body\">Plus d&rsquo;informations sur les fonctionnalit\u00e9s et toutes les r\u00e9ponses \u00e0 tes questions<\/div>\n<div class=\"help_header\" style=\"margin-top: 2em;\"><a class=\"helplink\" href=\"https:\/\/support.goalunited.org\/support\/tickets\/new\" target=\"_blank\" rel=\"noopener noreferrer\">Contacter le service d&rsquo;assistance<\/a><\/div>\n<div class=\"help_body\">Vous avez une question \u00e0 propos du jeu ou des fonctionnalit\u00e9s Premium? Vous avez un probl\u00e8me pour vous connecter ou avec les paiements? Vous avez trouv\u00e9 un bug dans le jeu? Vous pouvez trouver des r\u00e9ponses \u00e0 vos questions dans le syst\u00e8me d&rsquo;aide!<\/div>\n<p><\/p>","protected":false},"excerpt":{"rendered":"<p>Aide &#8211; FAQ Manager Football Plus d&rsquo;informations sur les fonctionnalit\u00e9s et toutes les r\u00e9ponses \u00e0 tes questions Contacter le service d&rsquo;assistance Vous avez une question \u00e0 propos du jeu ou <a href=\"https:\/\/beta.goalunited.org\/fr\/support\/\" class=\"more-link\">[&hellip;]<\/a><\/p>\n","protected":false},"author":1,"featured_media":0,"parent":0,"menu_order":0,"comment_status":"closed","ping_status":"closed","template":"","meta":{"_mi_skip_tracking":false,"_monsterinsights_sitenote_active":false,"_monsterinsights_sitenote_note":"","_monsterinsights_sitenote_category":0,"Layout":"","footnotes":""},"aioseo_notices":[],"_links":{"self":[{"href":"https:\/\/beta.goalunited.org\/fr\/wp-json\/wp\/v2\/pages\/5"}],"collection":[{"href":"https:\/\/beta.goalunited.org\/fr\/wp-json\/wp\/v2\/pages"}],"about":[{"href":"https:\/\/beta.goalunited.org\/fr\/wp-json\/wp\/v2\/types\/page"}],"author":[{"embeddable":true,"href":"https:\/\/beta.goalunited.org\/fr\/wp-json\/wp\/v2\/users\/1"}],"replies":[{"embeddable":true,"href":"https:\/\/beta.goalunited.org\/fr\/wp-json\/wp\/v2\/comments?post=5"}],"version-history":[{"count":45,"href":"https:\/\/beta.goalunited.org\/fr\/wp-json\/wp\/v2\/pages\/5\/revisions"}],"predecessor-version":[{"id":433,"href":"https:\/\/beta.goalunited.org\/fr\/wp-json\/wp\/v2\/pages\/5\/revisions\/433"}],"wp:attachment":[{"href":"https:\/\/beta.goalunited.org\/fr\/wp-json\/wp\/v2\/media?parent=5"}],"curies":[{"name":"wp","href":"https:\/\/api.w.org\/{rel}","templated":true}]}}