{"id":36,"date":"2016-07-14T18:07:33","date_gmt":"2016-07-14T18:07:33","guid":{"rendered":"https:\/\/beta2.goalunited.org\/?page_id=36"},"modified":"2024-08-05T12:55:35","modified_gmt":"2024-08-05T12:55:35","slug":"impressum","status":"publish","type":"page","link":"https:\/\/beta.goalunited.org\/es\/impressum\/","title":{"rendered":"Impresi\u00f3n"},"content":{"rendered":"<p><\/p>\n<p><strong>Responsable de esta p\u00e1gina web:<\/strong><\/p>\n<p>Travian Games GmbH<br \/>\nMoosacher Str. 70<br \/>\n80809 M\u00fanich<br \/>\nAlemania<br \/>\n<a href=\"mailto:mail@traviangames.com\">mail@traviangames.com<\/a><\/p>\n<p><strong>Jurisdicci\u00f3n:<\/strong><br \/>\nMunich District Court, HRB 173511<br \/>\nVAT ID No. DE 246258085<br \/>\nDirectores: <span lang=\"EN-US\">Viktor Pulz, <\/span>J\u00f6rg Strathaus<br \/>\nTel\u00e9fono: 004989\/32 49 15 93 8 (no para soporte del juego)<br \/>\nFax: 004989\/32 49 15 97 3 (solo para soporte plus)<\/p>\n<p><strong>Soporte:<\/strong><br \/>\n<a href=\"https:\/\/support.goalunited.org\/de\/support\/tickets\/new\">Contacto<\/a><\/p>\n<p><strong>Protecci\u00f3n al menor:<\/strong><br \/>\nRechtsanwalt Dr. Andreas Lober<br \/>\nBeiten Burkhardt Rechtsanwaltsgesellschaft mbH<\/p>\n<p><a href=\"mailto:youthprotection@traviangames.com\">youthprotection@traviangames.com<\/a><\/p>\n<p><strong>Oficial de protecci\u00f3n de datos:<\/strong><\/p>\n<p>Philipp Heindorff<\/p>\n<p><a href=\"mailto:privacy@traviangames.com\">privacy@traviangames.com<\/a><\/p>\n<p>No olvides incluir el nombre de usuario y servidor de juego cuando escribas a soporte.<\/p>\n<p>Todos los derechos de los textos, gr\u00e1ficos y c\u00f3digos fuente son propiedad de Travian Games GmbH.<\/p>\n<p>Travian es una marca registrada de Travian Games GmbH.<\/p>\n<p>La Comisi\u00f3n Europea ha creado una plataforma para la resoluci\u00f3n de litigios en l\u00ednea (plataforma RLL) entre comerciantes y consumidores. La plataforma RLL est\u00e1 disponible en el siguiente enlace:\u00a0<a href=\"https:\/\/ec.europa.eu\/consumers\/odr\/\">https:\/\/ec.europa.eu\/consumers\/odr<\/a>. No estamos obligados a participar y actualmente no formamos parte de plataformas de resoluci\u00f3n de disputas o resoluciones de disputas alternativas.<\/p>\n<p>Liability note: Despite conscientious efforts, we cannot be held responsible for the monitoring of the contents of external links.<br \/>\nThe owner of the linked sites are exclusively responsible for the contents.<\/p>","protected":false},"excerpt":{"rendered":"<p>Responsable de esta p\u00e1gina web: Travian Games GmbH Moosacher Str. 70 80809 M\u00fanich Alemania mail@traviangames.com Jurisdicci\u00f3n: Munich District Court, HRB 173511 VAT ID No. DE 246258085 Directores: Viktor Pulz, J\u00f6rg <a href=\"https:\/\/beta.goalunited.org\/es\/impressum\/\" class=\"more-link\">[&hellip;]<\/a><\/p>\n","protected":false},"author":1,"featured_media":0,"parent":0,"menu_order":0,"comment_status":"closed","ping_status":"closed","template":"","meta":{"_mi_skip_tracking":false,"_monsterinsights_sitenote_active":false,"_monsterinsights_sitenote_note":"","_monsterinsights_sitenote_category":0,"Layout":"","footnotes":""},"aioseo_notices":[],"_links":{"self":[{"href":"https:\/\/beta.goalunited.org\/es\/wp-json\/wp\/v2\/pages\/36"}],"collection":[{"href":"https:\/\/beta.goalunited.org\/es\/wp-json\/wp\/v2\/pages"}],"about":[{"href":"https:\/\/beta.goalunited.org\/es\/wp-json\/wp\/v2\/types\/page"}],"author":[{"embeddable":true,"href":"https:\/\/beta.goalunited.org\/es\/wp-json\/wp\/v2\/users\/1"}],"replies":[{"embeddable":true,"href":"https:\/\/beta.goalunited.org\/es\/wp-json\/wp\/v2\/comments?post=36"}],"version-history":[{"count":59,"href":"https:\/\/beta.goalunited.org\/es\/wp-json\/wp\/v2\/pages\/36\/revisions"}],"predecessor-version":[{"id":719,"href":"https:\/\/beta.goalunited.org\/es\/wp-json\/wp\/v2\/pages\/36\/revisions\/719"}],"wp:attachment":[{"href":"https:\/\/beta.goalunited.org\/es\/wp-json\/wp\/v2\/media?parent=36"}],"curies":[{"name":"wp","href":"https:\/\/api.w.org\/{rel}","templated":true}]}}